{"id":131,"date":"2017-09-28T19:33:34","date_gmt":"2017-09-28T17:33:34","guid":{"rendered":"http:\/\/fseng.kfb.sk\/sk\/?page_id=131"},"modified":"2026-03-30T14:40:13","modified_gmt":"2026-03-30T12:40:13","slug":"registracia","status":"publish","type":"page","link":"https:\/\/fseng.kfb.sk\/sk\/registracia\/","title":{"rendered":"Registr\u00e1cia Functional Safety Engineer (T\u00dcV Rheinland) for SIS Training Bratislava"},"content":{"rendered":"","protected":false},"excerpt":{"rendered":"","protected":false},"author":3,"featured_media":0,"parent":0,"menu_order":0,"comment_status":"closed","ping_status":"closed","template":"","meta":{"footnotes":""},"class_list":["post-131","page","type-page","status-publish","hentry"],"yoast_head":"<!-- This site is optimized with the Yoast SEO plugin v24.4 - https:\/\/yoast.com\/wordpress\/plugins\/seo\/ -->\n<title>Registr\u00e1cia Functional Safety Engineer (T\u00dcV Rheinland) for SIS Training Bratislava - Functional Safety SIS Training v Bratislave<\/title>\n<meta name=\"robots\" content=\"index, follow, max-snippet:-1, max-image-preview:large, max-video-preview:-1\" \/>\n<link rel=\"canonical\" href=\"https:\/\/fseng.kfb.sk\/sk\/registracia\/\" \/>\n<meta property=\"og:locale\" content=\"sk_SK\" \/>\n<meta property=\"og:type\" content=\"article\" \/>\n<meta property=\"og:title\" content=\"Registr\u00e1cia Functional Safety Engineer (T\u00dcV Rheinland) for SIS Training Bratislava - Functional Safety SIS Training v Bratislave\" \/>\n<meta property=\"og:url\" content=\"https:\/\/fseng.kfb.sk\/sk\/registracia\/\" \/>\n<meta property=\"og:site_name\" content=\"Functional Safety SIS Training v Bratislave\" \/>\n<meta property=\"article:modified_time\" content=\"2026-03-30T12:40:13+00:00\" \/>\n<meta name=\"twitter:card\" content=\"summary_large_image\" \/>\n<script type=\"application\/ld+json\" class=\"yoast-schema-graph\">{\"@context\":\"https:\/\/schema.org\",\"@graph\":[{\"@type\":\"WebPage\",\"@id\":\"https:\/\/fseng.kfb.sk\/sk\/registracia\/\",\"url\":\"https:\/\/fseng.kfb.sk\/sk\/registracia\/\",\"name\":\"Registr\u00e1cia Functional Safety Engineer (T\u00dcV Rheinland) for SIS Training Bratislava - Functional Safety SIS Training v Bratislave\",\"isPartOf\":{\"@id\":\"https:\/\/fseng.kfb.sk\/#website\"},\"datePublished\":\"2017-09-28T17:33:34+00:00\",\"dateModified\":\"2026-03-30T12:40:13+00:00\",\"breadcrumb\":{\"@id\":\"https:\/\/fseng.kfb.sk\/sk\/registracia\/#breadcrumb\"},\"inLanguage\":\"sk-SK\",\"potentialAction\":[{\"@type\":\"ReadAction\",\"target\":[\"https:\/\/fseng.kfb.sk\/sk\/registracia\/\"]}]},{\"@type\":\"BreadcrumbList\",\"@id\":\"https:\/\/fseng.kfb.sk\/sk\/registracia\/#breadcrumb\",\"itemListElement\":[{\"@type\":\"ListItem\",\"position\":1,\"name\":\"Home\",\"item\":\"https:\/\/fseng.kfb.sk\/sk\/\"},{\"@type\":\"ListItem\",\"position\":2,\"name\":\"Registr\u00e1cia Functional Safety Engineer (T\u00dcV Rheinland) for SIS Training Bratislava\"}]},{\"@type\":\"WebSite\",\"@id\":\"https:\/\/fseng.kfb.sk\/#website\",\"url\":\"https:\/\/fseng.kfb.sk\/\",\"name\":\"Functional Safety SIS Training v Bratislave\",\"description\":\"Len \u010fal\u0161ia WordPress str\u00e1nka\",\"potentialAction\":[{\"@type\":\"SearchAction\",\"target\":{\"@type\":\"EntryPoint\",\"urlTemplate\":\"https:\/\/fseng.kfb.sk\/?s={search_term_string}\"},\"query-input\":{\"@type\":\"PropertyValueSpecification\",\"valueRequired\":true,\"valueName\":\"search_term_string\"}}],\"inLanguage\":\"sk-SK\"}]}<\/script>\n<!-- \/ Yoast SEO plugin. -->","yoast_head_json":{"title":"Registr\u00e1cia Functional Safety Engineer (T\u00dcV Rheinland) for SIS Training Bratislava - Functional Safety SIS Training v Bratislave","robots":{"index":"index","follow":"follow","max-snippet":"max-snippet:-1","max-image-preview":"max-image-preview:large","max-video-preview":"max-video-preview:-1"},"canonical":"https:\/\/fseng.kfb.sk\/sk\/registracia\/","og_locale":"sk_SK","og_type":"article","og_title":"Registr\u00e1cia Functional Safety Engineer (T\u00dcV Rheinland) for SIS Training Bratislava - Functional Safety SIS Training v Bratislave","og_url":"https:\/\/fseng.kfb.sk\/sk\/registracia\/","og_site_name":"Functional Safety SIS Training v Bratislave","article_modified_time":"2026-03-30T12:40:13+00:00","twitter_card":"summary_large_image","schema":{"@context":"https:\/\/schema.org","@graph":[{"@type":"WebPage","@id":"https:\/\/fseng.kfb.sk\/sk\/registracia\/","url":"https:\/\/fseng.kfb.sk\/sk\/registracia\/","name":"Registr\u00e1cia Functional Safety Engineer (T\u00dcV Rheinland) for SIS Training Bratislava - Functional Safety SIS Training v Bratislave","isPartOf":{"@id":"https:\/\/fseng.kfb.sk\/#website"},"datePublished":"2017-09-28T17:33:34+00:00","dateModified":"2026-03-30T12:40:13+00:00","breadcrumb":{"@id":"https:\/\/fseng.kfb.sk\/sk\/registracia\/#breadcrumb"},"inLanguage":"sk-SK","potentialAction":[{"@type":"ReadAction","target":["https:\/\/fseng.kfb.sk\/sk\/registracia\/"]}]},{"@type":"BreadcrumbList","@id":"https:\/\/fseng.kfb.sk\/sk\/registracia\/#breadcrumb","itemListElement":[{"@type":"ListItem","position":1,"name":"Home","item":"https:\/\/fseng.kfb.sk\/sk\/"},{"@type":"ListItem","position":2,"name":"Registr\u00e1cia Functional Safety Engineer (T\u00dcV Rheinland) for SIS Training Bratislava"}]},{"@type":"WebSite","@id":"https:\/\/fseng.kfb.sk\/#website","url":"https:\/\/fseng.kfb.sk\/","name":"Functional Safety SIS Training v Bratislave","description":"Len \u010fal\u0161ia WordPress str\u00e1nka","potentialAction":[{"@type":"SearchAction","target":{"@type":"EntryPoint","urlTemplate":"https:\/\/fseng.kfb.sk\/?s={search_term_string}"},"query-input":{"@type":"PropertyValueSpecification","valueRequired":true,"valueName":"search_term_string"}}],"inLanguage":"sk-SK"}]}},"_links":{"self":[{"href":"https:\/\/fseng.kfb.sk\/sk\/wp-json\/wp\/v2\/pages\/131","targetHints":{"allow":["GET"]}}],"collection":[{"href":"https:\/\/fseng.kfb.sk\/sk\/wp-json\/wp\/v2\/pages"}],"about":[{"href":"https:\/\/fseng.kfb.sk\/sk\/wp-json\/wp\/v2\/types\/page"}],"author":[{"embeddable":true,"href":"https:\/\/fseng.kfb.sk\/sk\/wp-json\/wp\/v2\/users\/3"}],"replies":[{"embeddable":true,"href":"https:\/\/fseng.kfb.sk\/sk\/wp-json\/wp\/v2\/comments?post=131"}],"version-history":[{"count":2,"href":"https:\/\/fseng.kfb.sk\/sk\/wp-json\/wp\/v2\/pages\/131\/revisions"}],"predecessor-version":[{"id":255,"href":"https:\/\/fseng.kfb.sk\/sk\/wp-json\/wp\/v2\/pages\/131\/revisions\/255"}],"wp:attachment":[{"href":"https:\/\/fseng.kfb.sk\/sk\/wp-json\/wp\/v2\/media?parent=131"}],"curies":[{"name":"wp","href":"https:\/\/api.w.org\/{rel}","templated":true}]}}